{"id":14,"date":"2021-08-28T18:25:12","date_gmt":"2021-08-28T18:25:12","guid":{"rendered":"http:\/\/fma2022.archformalmethods.eu\/?page_id=14"},"modified":"2022-05-04T10:01:27","modified_gmt":"2022-05-04T10:01:27","slug":"institutional","status":"publish","type":"page","link":"http:\/\/fma2022.archformalmethods.eu\/index.php\/institutional\/","title":{"rendered":"Institutional"},"content":{"rendered":"\n<h2>\n\t\tinstitutional\n\t<\/h2>\n\n\n\n<p>The &#8220;Formal Methods in Architecture&#8221; Symposia series is an initiative of the following departments of ESAP-Escola Superior Art\u00edstica do Porto (Arts University School of Oporto):\nLIAD &#8211; Laborat\u00f3rio de Investiga\u00e7\u00e3o em Arquitectura e Design (Laboratory for Architecture and Design Research)<br>\nDA &#8211; Departamento de Arquitetura (Architecture Department)<br>\nMIA &#8211; Mestrado Integrado em Arquitetura (Integrated Master Degree in Architecture)\n\t\t\t\t<\/p>\n\n\n\n<div class=\"wp-container-3 wp-block-columns\">\n<div class=\"wp-container-1 wp-block-column\">\n<figure class=\"wp-block-image\"><img src=\"http:\/\/fma2022.archformalmethods.eu\/wp-content\/uploads\/2021\/08\/z_logo_lia.png\" alt=\"z_logo_lia\" title=\"z_logo_lia\"\/><\/figure>\n<\/div>\n\n\n\n<div class=\"wp-container-2 wp-block-column\">\n<figure class=\"wp-block-image\"><img src=\"http:\/\/fma2022.archformalmethods.eu\/wp-content\/uploads\/2021\/08\/z_logo_esap.png\" alt=\"z_logo_esap\" title=\"z_logo_esap\"\/><\/figure>\n<\/div>\n<\/div>\n\n\n\n<p>The 6th Symposium is a joint organisation with ETSAC- Escola T\u00e9cnica Superior de Arquitectura from UdC &#8211; Universidade da Coru\u00f1a, A Coru\u00f1a, Galicia &#8211; Espa\u00f1a<\/p>\n\n\n\n<div class=\"wp-container-6 wp-block-columns\">\n<div class=\"wp-container-4 wp-block-column\">\n<figure class=\"wp-block-image\"><img src=\"http:\/\/fma2022.archformalmethods.eu\/wp-content\/uploads\/2021\/08\/Etsac_logo.png\" alt=\"Etsac_logo\" title=\"Etsac_logo\"\/><\/figure>\n<\/div>\n\n\n\n<div class=\"wp-container-5 wp-block-column\">\n<figure class=\"wp-block-image\"><img src=\"http:\/\/fma2022.archformalmethods.eu\/wp-content\/uploads\/2021\/08\/UDC-Logo-300x169.png\" alt=\"UDC-Logo\" title=\"UDC-Logo\"\/><\/figure>\n<\/div>\n<\/div>\n","protected":false},"excerpt":{"rendered":"<p>institutional The &#8220;Formal Methods in Architecture&#8221; Symposia series is an initiative of the following departments of ESAP-Escola Superior Art\u00edstica do Porto (Arts University School of Oporto): LIAD &#8211; Laborat\u00f3rio de Investiga\u00e7\u00e3o em Arquitectura e Design (Laboratory for Architecture and Design Research) DA &#8211; Departamento de Arquitetura (Architecture Department) MIA &#8211; Mestrado Integrado em Arquitetura (Integrated &hellip;<\/p>\n","protected":false},"author":1,"featured_media":0,"parent":0,"menu_order":0,"comment_status":"closed","ping_status":"closed","template":"","meta":{"_eb_attr":""},"_links":{"self":[{"href":"http:\/\/fma2022.archformalmethods.eu\/index.php\/wp-json\/wp\/v2\/pages\/14"}],"collection":[{"href":"http:\/\/fma2022.archformalmethods.eu\/index.php\/wp-json\/wp\/v2\/pages"}],"about":[{"href":"http:\/\/fma2022.archformalmethods.eu\/index.php\/wp-json\/wp\/v2\/types\/page"}],"author":[{"embeddable":true,"href":"http:\/\/fma2022.archformalmethods.eu\/index.php\/wp-json\/wp\/v2\/users\/1"}],"replies":[{"embeddable":true,"href":"http:\/\/fma2022.archformalmethods.eu\/index.php\/wp-json\/wp\/v2\/comments?post=14"}],"version-history":[{"count":3,"href":"http:\/\/fma2022.archformalmethods.eu\/index.php\/wp-json\/wp\/v2\/pages\/14\/revisions"}],"predecessor-version":[{"id":333,"href":"http:\/\/fma2022.archformalmethods.eu\/index.php\/wp-json\/wp\/v2\/pages\/14\/revisions\/333"}],"wp:attachment":[{"href":"http:\/\/fma2022.archformalmethods.eu\/index.php\/wp-json\/wp\/v2\/media?parent=14"}],"curies":[{"name":"wp","href":"https:\/\/api.w.org\/{rel}","templated":true}]}}