{"id":15,"date":"2021-08-28T18:25:12","date_gmt":"2021-08-28T18:25:12","guid":{"rendered":"http:\/\/fma2022.archformalmethods.eu\/?page_id=15"},"modified":"2022-05-16T17:41:53","modified_gmt":"2022-05-16T17:41:53","slug":"organisation","status":"publish","type":"page","link":"http:\/\/fma2022.archformalmethods.eu\/index.php\/organisation\/","title":{"rendered":"Organisation"},"content":{"rendered":"\n<h2 id=\"organisation-and-committees\">\n\t\tORGANISATION AND COMMITTEES\n\t<\/h2>\n\n\n\n<h4 id=\"chairs\">\n\t\tChairs\n\t<\/h4>\n\n\n\n<p> Pl\u00e1cido Lizancos (ETSAC-UDC)<br> David Leite Viana (UPT\/CEAU-FAUP)<br> Franklim Morais (ESAP)<br> Jorge Vieira Vaz (ESAP) <br> Vicente lopez-Chao, co-chair (ETSAC-UDC) <\/p>\n\n\n\n<h4 id=\"organising-committee\">Coordinator<\/h4>\n\n\n\n<p>Nuria Pieto (ETSAC-UDC)<\/p>\n\n\n\n<h4 id=\"organising-committee\">Advisors<\/h4>\n\n\n\n<p>David Pereira (ETSAC-UDC) <br>Sonia Rodr\u00edguez-Beltr\u00e1n (ETSAC-UDC) <\/p>\n\n\n\n<h4>Organising Committee<\/h4>\n\n\n\n<p> Adriana Rodr\u00edguez Gonz\u00e1lez (ETSAC-UDC)<br> Antonia P\u00e9rez Naya (ETSAC-UDC)<br> Antonio Amado Lorenzo (ETSAC-UDC)<br> Catarina Ruivo (Din\u00e2mia&#8217;cet, ISCTE-IUL)<br> David Pereira-Mart\u00ednez (ETSAC-UDC)<br> Ines Sante Riveira (USC)<br> Joaquim Flores (ESAP)<br> Jorge Rodr\u00edguez \u00c1lvarez (ETSAC-UDC)<br> Jose Antonio V\u00e1zquez Rodr\u00edguez (ETSAC-UDC)<br> Luis Santalla (ETSAC-UDC)<br> Santiago Tarr\u00edo Carrodeaguas (ETSAC-UDC)<br> S\u00e9rgio Mendes (ESAP)<br> Vicente L\u00f3pez-Chao (ETSAC-UDC) <\/p>\n\n\n\n<h4 id=\"scientific-committee\">\n\t\tScientific committee\n\t<\/h4>\n\n\n\n<p> Alberto Varela Garcia (ETSICCP-UDC) &#8211; Spain<br> Alexandros Peteinarelis (University of Ioannina) &#8211; Greece<br> Amar Bennajdi (Scott Sutherland School of Architecture &amp; Built Environment) &#8211; Scotland<br> Ana Cocho Bermejo (ETSA) &#8211; Spain<br>  Andre Carneiro (Universidade de \u00c9vora) &#8211; Portugal<br> Anetta Kepczynska-Walczak (TUL) &#8211; Poland<br> Baya Boukhalfa (Polytechnic School of Architecture and Urbanism) &#8211; Alger<br> Carolina Coelho (FCTUC) &#8211; Portugal<br> Cristina Garcia (ETSA) &#8211; Spain<br> Eliete de Pinho Araujo (Centro Universit\u00e1rio de Bras\u00edlia) &#8211; Brazil<br> Elif Erdine (AA) &#8211; London<br> Eloi Coloma Pic\u00f3 (U. politecnica catalunha) &#8211; Spain<br> Enrique V\u00e1zquez Vicente (ETSA Sevilla) &#8211; Spain<br> Gisela Lameira (FAUP) &#8211; Portugal<br> Gon\u00e7alo Castro-Henriques (U. Rio de Janeiro) &#8211; Brazil<br> Fabiana Izaga (Faculdade de Arquitetura e Urbanismo da Universidade Federal do Rio de Janeiro) &#8211; Brazil<br> Henri Achten (Czech Technical University) &#8211; Czech Republic<br> Ines Sant\u00e9 Riveira (USC) &#8211; Spain<br> Ioanna Symeonidou (UTH) &#8211; Greece<br> Janet Hetman (CRENAU, AAU) &#8211; France<br> Jorge Gil (Chalmers University of Technology) &#8211; Sweden<br> Jorge Rodriguez-Alvarez (ETSA) &#8211; Spain<br> Jos\u00e9 Antonio Vazquez (ETSA) &#8211; Spain<br> Jos\u00e9 Beir\u00e3o (FAUL) &#8211; Portugal<br> Jos\u00e9 Ram\u00f3n Alonso Pereira (ETSA) &#8211; Spain<br> Kinda Al-Sayed (UCL-Bartlett) &#8211; UK<br> L\u00e9ia Bruscato (UFRGS) &#8211; Brazil<br> Luisa Cannas da Silva &#8211; Portugal<br> Luis Lage (Faculdade de Arquitetura e Planemaneto F\u00edsico) &#8211; Mozambique<br>  Luiz Amorim (Universidade Federal de Pernambuco) &#8211; Brazil<br> Maricarmen Tapia G\u00f3mez (Escuela de Arquitectura de la Facultad de Arquitectura, Arte y Dise\u00f1o) &#8211; Chile<br> Mehmet Emin \u015ealgamc\u0131o\u011flu (ITU-Faculty of Architecture) &#8211;&nbsp; Turkey<br> Meta Berghauser Pont (Charlmers University of Technolody) &#8211; Sweden<br> Michele Cannata (ESAP) &#8211; Portugal<br> Norena Martin-Dorta (U. de la Laguna) &#8211; Spain<br> Olindo Caso (TU Delft) &#8211; Netherlands<br> Pablo C. Herrera (UPC) &#8211; Peru<br> Paco Gonzalez Quintial (ETSA UPV) &#8211; Spain<br> Paolo Marcollin (ESAP) &#8211; Portugal<br> Pieter Pauwels (TU\/E) &#8211; Netherlands<br> Rudi Stouffs (National University of Singapore) &#8211; Singapore<br> Sara Eloy (ISCTE-IUL) &#8211; Portugal<br> Tasos Varoudis (UCL-Bartlett) &#8211; UK<br> Vicente Lopez-Chao (ETSAC-UDC) &#8211; Spain<br> Vitor Oliveira (FEUP) &#8211; Portugal<br> Wassim Jabi (Cardiff U.) &#8211; UK <\/p>\n\n\n\n<h4 id=\"secretariat\">\n\t\tSecretariat\n\t<\/h4>\n\n\n\n<p>Maria Varela (FUAC)<\/p>\n","protected":false},"excerpt":{"rendered":"<p>ORGANISATION AND COMMITTEES Chairs Pl\u00e1cido Lizancos (ETSAC-UDC) David Leite Viana (UPT\/CEAU-FAUP) Franklim Morais (ESAP) Jorge Vieira Vaz (ESAP) Vicente lopez-Chao, co-chair (ETSAC-UDC) Coordinator Nuria Pieto (ETSAC-UDC) Advisors David Pereira (ETSAC-UDC) Sonia Rodr\u00edguez-Beltr\u00e1n (ETSAC-UDC) Organising Committee Adriana Rodr\u00edguez Gonz\u00e1lez (ETSAC-UDC) Antonia P\u00e9rez Naya (ETSAC-UDC) Antonio Amado Lorenzo (ETSAC-UDC) Catarina Ruivo (Din\u00e2mia&#8217;cet, ISCTE-IUL) David Pereira-Mart\u00ednez (ETSAC-UDC) Ines &hellip;<\/p>\n","protected":false},"author":1,"featured_media":0,"parent":0,"menu_order":0,"comment_status":"closed","ping_status":"closed","template":"","meta":{"_eb_attr":""},"_links":{"self":[{"href":"http:\/\/fma2022.archformalmethods.eu\/index.php\/wp-json\/wp\/v2\/pages\/15"}],"collection":[{"href":"http:\/\/fma2022.archformalmethods.eu\/index.php\/wp-json\/wp\/v2\/pages"}],"about":[{"href":"http:\/\/fma2022.archformalmethods.eu\/index.php\/wp-json\/wp\/v2\/types\/page"}],"author":[{"embeddable":true,"href":"http:\/\/fma2022.archformalmethods.eu\/index.php\/wp-json\/wp\/v2\/users\/1"}],"replies":[{"embeddable":true,"href":"http:\/\/fma2022.archformalmethods.eu\/index.php\/wp-json\/wp\/v2\/comments?post=15"}],"version-history":[{"count":22,"href":"http:\/\/fma2022.archformalmethods.eu\/index.php\/wp-json\/wp\/v2\/pages\/15\/revisions"}],"predecessor-version":[{"id":346,"href":"http:\/\/fma2022.archformalmethods.eu\/index.php\/wp-json\/wp\/v2\/pages\/15\/revisions\/346"}],"wp:attachment":[{"href":"http:\/\/fma2022.archformalmethods.eu\/index.php\/wp-json\/wp\/v2\/media?parent=15"}],"curies":[{"name":"wp","href":"https:\/\/api.w.org\/{rel}","templated":true}]}}