{"id":283,"date":"2022-03-07T18:57:54","date_gmt":"2022-03-07T18:57:54","guid":{"rendered":"http:\/\/fma2022.archformalmethods.eu\/?page_id=283"},"modified":"2022-05-16T17:57:39","modified_gmt":"2022-05-16T17:57:39","slug":"guidelines-for-authors-copy","status":"publish","type":"page","link":"http:\/\/fma2022.archformalmethods.eu\/index.php\/guidelines-for-authors-copy\/","title":{"rendered":"Accommodation"},"content":{"rendered":"<p><iframe loading=\"lazy\" src=\"https:\/\/www.google.com\/maps\/d\/u\/1\/embed?mid=1ck1vx0EGhwGMh1Rk8ou0_f1tqwDVt_L-&amp;ehbc=2E312F\" width=\"1000\" height=\"400\"><\/iframe><\/p>\n\n\n\n<h3 class=\"has-black-color has-text-color\"><a href=\"https:\/\/www.hotelmaycar.com\/\" data-type=\"URL\" data-id=\"https:\/\/www.hotelmaycar.com\/\" target=\"_blank\" rel=\"noreferrer noopener\"><u>Hotel Residencia Maycar<\/u><\/a> **<\/h3>\n\n\n\n<p>Rua de San Andres, 159. 15003 A Coru\u00f1a<\/p>\n\n\n\n<p>Prices for the 6FMA (including breakfast):<\/p>\n\n\n\n<ul><li>Single Room: 32\u20ac\/night<\/li><li>Twin Room: 46\u20ac\/night<\/li><\/ul>\n\n\n\n<p>Contact for reservations: <a href=\"mailto:hmaycar@hotelmaycar.com\" target=\"_blank\" rel=\"noreferrer noopener\">hmaycar@hotelmaycar.com<\/a><\/p>\n\n\n\n<h3 class=\"has-black-color has-text-color\"><a rel=\"noreferrer noopener\" href=\"https:\/\/www.riazorhotel.com\/en\/\" data-type=\"URL\" data-id=\"https:\/\/www.riazorhotel.com\/en\/\" target=\"_blank\"><u>Zenit Coru\u00f1a<\/u><\/a> ****<\/h3>\n\n\n\n<h3 class=\"has-black-color has-text-color\"><a href=\"https:\/\/www.riazorhotel.com\/en\/\" data-type=\"URL\" data-id=\"https:\/\/www.riazorhotel.com\/en\/\" target=\"_blank\" rel=\"noreferrer noopener\"><u>Hotel Riazor<\/u><\/a> ****<\/h3>\n\n\n\n<p>Av. de Pedro Barri\u00e9 de la Maza, 29. 15004 A Coru\u00f1a<\/p>\n\n\n\n<p>Prices for the 6FMA (including breakfast):<\/p>\n\n\n\n<ul><li>Twin Room: 65,97\u20ac\/night<\/li><\/ul>\n\n\n\n<p>Contact for reservations: <a href=\"mailto:reservas@riazorhotel.com\" target=\"_blank\" rel=\"noreferrer noopener\">reservas@riazorhotel.com<\/a><\/p>\n\n\n\n<h3 class=\"has-black-color has-text-color\"><a href=\"https:\/\/www.udc.es\/export\/sites\/udc\/sape\/_galeria_down\/residencias\/2021_2022-folleto-Residencia-Elvira-Bao-A-Coruna-castelan.pdf_2063069294.pdf\" data-type=\"URL\" data-id=\"https:\/\/www.udc.es\/export\/sites\/udc\/sape\/_galeria_down\/residencias\/2021_2022-folleto-Residencia-Elvira-Bao-A-Coruna-castelan.pdf_2063069294.pdf\" target=\"_blank\" rel=\"noreferrer noopener\"><u>Residencia Universitaria Elvira Bao<\/u><\/a><\/h3>\n\n\n\n<p>Praza do Museo de Ciencias, 3. 15010 A Coru\u00f1a<\/p>\n\n\n\n<p>Prices for the 6FMA (without breakfast):<\/p>\n\n\n\n<ul><li>Individual in Shared Room: 30\u20ac\/night<\/li><li>Twin Room: 60\u20ac\/night<\/li><\/ul>\n\n\n\n<p>Contact for reservations: <a href=\"https:\/\/forms.office.com\/Pages\/ResponsePage.aspx?id=PuqhzrJgdU-mwqYCLo-WG8Npcv6uk_hPg3MQN0Fg3xxUNDRHNThEMTE2ME84TUFFTE1PUjM4UVNEWCQlQCN0PWcu\" data-type=\"URL\" data-id=\"https:\/\/forms.office.com\/Pages\/ResponsePage.aspx?id=PuqhzrJgdU-mwqYCLo-WG8Npcv6uk_hPg3MQN0Fg3xxUNDRHNThEMTE2ME84TUFFTE1PUjM4UVNEWCQlQCN0PWcu\" target=\"_blank\" rel=\"noreferrer noopener\">Application<\/a><\/p>\n","protected":false},"excerpt":{"rendered":"<p>Hotel Residencia Maycar ** Rua de San Andres, 159. 15003 A Coru\u00f1a Prices for the 6FMA (including breakfast): Single Room: 32\u20ac\/night Twin Room: 46\u20ac\/night Contact for reservations: hmaycar@hotelmaycar.com Zenit Coru\u00f1a **** Hotel Riazor **** Av. de Pedro Barri\u00e9 de la Maza, 29. 15004 A Coru\u00f1a Prices for the 6FMA (including breakfast): Twin Room: 65,97\u20ac\/night Contact &hellip;<\/p>\n","protected":false},"author":1,"featured_media":0,"parent":0,"menu_order":0,"comment_status":"closed","ping_status":"closed","template":"","meta":{"_eb_attr":""},"_links":{"self":[{"href":"http:\/\/fma2022.archformalmethods.eu\/index.php\/wp-json\/wp\/v2\/pages\/283"}],"collection":[{"href":"http:\/\/fma2022.archformalmethods.eu\/index.php\/wp-json\/wp\/v2\/pages"}],"about":[{"href":"http:\/\/fma2022.archformalmethods.eu\/index.php\/wp-json\/wp\/v2\/types\/page"}],"author":[{"embeddable":true,"href":"http:\/\/fma2022.archformalmethods.eu\/index.php\/wp-json\/wp\/v2\/users\/1"}],"replies":[{"embeddable":true,"href":"http:\/\/fma2022.archformalmethods.eu\/index.php\/wp-json\/wp\/v2\/comments?post=283"}],"version-history":[{"count":9,"href":"http:\/\/fma2022.archformalmethods.eu\/index.php\/wp-json\/wp\/v2\/pages\/283\/revisions"}],"predecessor-version":[{"id":349,"href":"http:\/\/fma2022.archformalmethods.eu\/index.php\/wp-json\/wp\/v2\/pages\/283\/revisions\/349"}],"wp:attachment":[{"href":"http:\/\/fma2022.archformalmethods.eu\/index.php\/wp-json\/wp\/v2\/media?parent=283"}],"curies":[{"name":"wp","href":"https:\/\/api.w.org\/{rel}","templated":true}]}}