{"id":87,"date":"2021-08-29T11:02:55","date_gmt":"2021-08-29T11:02:55","guid":{"rendered":"http:\/\/fma2022.archformalmethods.eu\/?page_id=87"},"modified":"2022-04-28T10:13:08","modified_gmt":"2022-04-28T10:13:08","slug":"venue","status":"publish","type":"page","link":"http:\/\/fma2022.archformalmethods.eu\/index.php\/venue\/","title":{"rendered":"Venue"},"content":{"rendered":"\n<h2>\n\t\tVenue\n\t<\/h2>\n\n\n\n<figure class=\"wp-block-image\"><img src=\"http:\/\/fma2022.archformalmethods.eu\/wp-content\/uploads\/2021\/08\/ESAC.jpg\" alt=\"ESAC\" title=\"ESAC\"\/><\/figure>\n\n\n\n<p>The 6th International Symposium Formal Methods in Architecture will take place at <b>Escola T\u00e9cnica Superior de Arquitectura<\/b>, Universidad de Coru\u00f1a.<\/p>\n\n\n\n<p>Take a virtual tour of the ETSAC&#8217;s <a href=\"https:\/\/roundme.com\/tour\/828360\/view\/2619559\/\" data-type=\"URL\" data-id=\"https:\/\/roundme.com\/tour\/828360\/view\/2619559\/\" target=\"_blank\" rel=\"noreferrer noopener\">main building <\/a>and <a href=\"https:\/\/roundme.com\/tour\/808274\/view\/2561130\/\" data-type=\"URL\" data-id=\"https:\/\/roundme.com\/tour\/808274\/view\/2561130\/\" target=\"_blank\" rel=\"noreferrer noopener\">researchers&#8217; facilities<\/a>.<\/p>\n\n\n\n<p>Learn more about A Coru\u00f1a with the following city guides: <a href=\"https:\/\/www.turismo.gal\/osdam\/filestore\/7\/1\/8\/1\/5_2eca5f31afa541a\/71815_672d305027001b9.pdf\" data-type=\"URL\" data-id=\"https:\/\/www.turismo.gal\/osdam\/filestore\/7\/1\/8\/1\/5_2eca5f31afa541a\/71815_672d305027001b9.pdf\" target=\"_blank\" rel=\"noreferrer noopener\">Pescader\u00eda District<\/a>; <a href=\"https:\/\/www.turismo.gal\/osdam\/filestore\/7\/1\/8\/1\/4_c1d8f4548d35f83\/71814_9f8bb75ee532db4.pdf\" data-type=\"URL\" data-id=\"https:\/\/www.turismo.gal\/osdam\/filestore\/7\/1\/8\/1\/4_c1d8f4548d35f83\/71814_9f8bb75ee532db4.pdf\">Old Town<\/a>.<\/p>\n\n\n\n<hr class=\"wp-block-separator is-style-dots\"\/>\n\n\n\n<p><strong>Address:<\/strong> <em>Campus Universitario de A Zapateira, s\/n. 15071 A Coru\u00f1a. Galicia, Spain.<\/em><\/p>\n\n\n\n<iframe src=\"https:\/\/www.google.com\/maps\/embed?pb=!1m18!1m12!1m3!1d2902.3775478187745!2d-8.41141648425188!3d43.32728807913383!2m3!1f0!2f0!3f0!3m2!1i1024!2i768!4f13.1!3m3!1m2!1s0xd2e634d3c8eb947%3A0x5112b38228610294!2sEscola%20T%C3%A9cnica%20Superior%20de%20Arquitectura!5e0!3m2!1sen!2spt!4v1630235974607!5m2!1sen!2spt\" allowfullscreen=\"\" loading=\"lazy\" width=\"900\" height=\"450\"><\/iframe>\n\n\n\n<p><\/p>\n","protected":false},"excerpt":{"rendered":"<p>Venue The 6th International Symposium Formal Methods in Architecture will take place at Escola T\u00e9cnica Superior de Arquitectura, Universidad de Coru\u00f1a. Take a virtual tour of the ETSAC&#8217;s main building and researchers&#8217; facilities. Learn more about A Coru\u00f1a with the following city guides: Pescader\u00eda District; Old Town. Address: Campus Universitario de A Zapateira, s\/n. 15071 &hellip;<\/p>\n","protected":false},"author":1,"featured_media":0,"parent":0,"menu_order":0,"comment_status":"closed","ping_status":"closed","template":"","meta":{"_eb_attr":""},"_links":{"self":[{"href":"http:\/\/fma2022.archformalmethods.eu\/index.php\/wp-json\/wp\/v2\/pages\/87"}],"collection":[{"href":"http:\/\/fma2022.archformalmethods.eu\/index.php\/wp-json\/wp\/v2\/pages"}],"about":[{"href":"http:\/\/fma2022.archformalmethods.eu\/index.php\/wp-json\/wp\/v2\/types\/page"}],"author":[{"embeddable":true,"href":"http:\/\/fma2022.archformalmethods.eu\/index.php\/wp-json\/wp\/v2\/users\/1"}],"replies":[{"embeddable":true,"href":"http:\/\/fma2022.archformalmethods.eu\/index.php\/wp-json\/wp\/v2\/comments?post=87"}],"version-history":[{"count":4,"href":"http:\/\/fma2022.archformalmethods.eu\/index.php\/wp-json\/wp\/v2\/pages\/87\/revisions"}],"predecessor-version":[{"id":327,"href":"http:\/\/fma2022.archformalmethods.eu\/index.php\/wp-json\/wp\/v2\/pages\/87\/revisions\/327"}],"wp:attachment":[{"href":"http:\/\/fma2022.archformalmethods.eu\/index.php\/wp-json\/wp\/v2\/media?parent=87"}],"curies":[{"name":"wp","href":"https:\/\/api.w.org\/{rel}","templated":true}]}}